{"id":135,"date":"2018-05-21T11:18:27","date_gmt":"2018-05-21T11:18:27","guid":{"rendered":"https:\/\/jobunt.com\/job-listing-style1-copy\/"},"modified":"2018-05-21T11:18:27","modified_gmt":"2018-05-21T11:18:27","slug":"listing-w-o-f-style1","status":"publish","type":"page","link":"https:\/\/africandiasporajobs.com\/fr\/listing-w-o-f-style1\/","title":{"rendered":"Listing W\/O\/F Style1"},"content":{"rendered":"<div class=\"wpb-content-wrapper\"><div class=\"vc_row wpb_row vc_row-fluid vc_custom_1526901267847\"><div class=\"wpb_column vc_column_container vc_col-sm-12\"><div class=\"vc_column-inner\"><div class=\"wpb_wrapper\">            <div class=\"wp-dp-job-content\" id=\"wp-dp-job-content-2305\">\r\n                <div class=\"dev-map-class-changer\">\r\n                    <div id=\"Job-content-2305\">\r\n                                    <form autocomplete=\"off\" id=\"jobsearch_job_frm_2305\" action=\"\">\r\n                                <div style=\"display:none\" id=\"job_arg2305\">\r\n                    <script type=\"text\/javascript\">\r\n                                                document.getElementById(\"job_arg2305\").innerHTML = '{\"job_short_counter\":2305,\"atts\":{\"job_filters\":\"no\",\"job_filters_loc_collapse\":\"yes\",\"job_filters_sector_collapse\":\"yes\",\"job_top_search\":\"no\",\"job_per_page\":\"12\",\"job_cat\":\"\",\"job_skills\":\"\",\"job_location\":\"\",\"job_view\":\"view-default\",\"featured_only\":\"\",\"job_sort_by\":\"\",\"job_title_len\":\"0\",\"job_excerpt\":\"20\",\"job_order\":\"DESC\",\"job_orderby\":\"date\",\"job_pagination\":\"yes\",\"job_type\":\"\",\"job_filters_loc\":\"yes\",\"job_filters_date\":\"yes\",\"job_filters_type\":\"yes\",\"job_filters_sector\":\"yes\",\"job_custom_fields_switch\":\"no\",\"job_elem_custom_fields\":\"\",\"job_deadline_switch\":\"no\",\"quick_apply_job\":\"no\",\"job_loc_listing\":\"country,city\"},\"content\":\"\",\"job_map_counter\":42832310,\"page_id\":135,\"page_url\":\"https:\\\/\\\/africandiasporajobs.com\\\/fr\\\/listing-w-o-f-style1\\\/\",\"custom_fields\":[]}';\r\n                    <\/script>\r\n                <\/div>\r\n                <div style=\"display:none\" id=\"job_small_arg2305\">\r\n                    {\"job_short_counter\":2305,\"content\":\"\",\"job_map_counter\":42832310,\"page_id\":135,\"page_url\":\"https:\\\/\\\/africandiasporajobs.com\\\/fr\\\/listing-w-o-f-style1\\\/\",\"custom_fields\":[]}                <\/div>\r\n                                <div class=\"jobsearch-row\">\r\n                                        <div class=\"jobsearch-column-12 jobsearch-typo-wrap\">\r\n                                                <div class=\"wp-jobsearch-job-content jobsearch-listing-maincon wp-jobsearch-dev-job-content\"\r\n                             id=\"jobsearch-data-job-content-2305\"\r\n                             data-id=\"2305\">\r\n                            <div id=\"jobsearch-loader-2305\"><\/div>\r\n                            <div class=\"sortfiltrs-contner with-rssfeed-enable\">        <div class=\"jobsearch-filterable jobsearch-filter-sortable jobsearch-topfound-title\">\n            <h2 class=\"jobsearch-fltcount-title\">\n                <span class=\"listing-counts-num\">0<\/span>&nbsp;<span class=\"listing-counts-numtxt\">Emplois trouv\u00e9s<\/span>            <div class=\"displayed-here\">Displayed Here: 0 Jobs<\/div>\n                        <\/h2>\n        <\/div>\n        <div class=\"jobsearch-topsort-holder\">                <div class=\"jobsearch-filterable jobsearch-filter-sortable\">\r\n                                        <ul class=\"jobsearch-sort-section\">\r\n                                                <li>\r\n                            <i class=\"jobsearch-icon jobsearch-sort\"><\/i>\r\n                            <div class=\"jobsearch-filterable-select\">\r\n\r\n                                <select name=\"sort-by\" class=\"selectize-select\"  onchange=\"jobsearch_job_content_load('2305')\" placeholder=\"Les plus r\u00e9cents\"><option value=\"recent\">Les plus r\u00e9cents<\/option>\n<option value=\"featured\">Featured<\/option>\n<option value=\"alphabetical\">Ordre alphab\u00e9tique<\/option>\n<option value=\"most_viewed\">Le plus vus<\/option>\n<\/select>                            <\/div>\r\n                        <\/li>\r\n                        <li>\r\n                            <i class=\"jobsearch-icon jobsearch-sort\"><\/i>\r\n                            <div class=\"jobsearch-filterable-select\">\r\n                                <select name=\"per-page\" class=\"sort-records-per-page\"  onchange=\"jobsearch_job_content_load('2305')\" placeholder=\"Enregistrements par page\"><option value=\"\">Enregistrements par page<\/option>\n<option value=\"10\">10 Par page<\/option>\n<option value=\"20\">20 Par page<\/option>\n<option value=\"30\">30 Par page<\/option>\n<option value=\"50\">50 Par page<\/option>\n<option value=\"70\">70 Par page<\/option>\n<option value=\"100\">100 Par page<\/option>\n<option value=\"200\">200 Par page<\/option>\n<\/select>                            <\/div>\r\n                        <\/li>\r\n                                                    <li><a href=\"https:\/\/africandiasporajobs.com\/fr\/?feed=job_feed&amp;sh_atts=job_filters:no|job_filters_loc_collapse:yes|job_filters_sector_collapse:yes|job_top_search:no|job_per_page:12|job_view:view-default|job_title_len:0|job_excerpt:20|job_order:DESC|job_orderby:date|job_pagination:yes|job_filters_loc:yes|job_filters_date:yes|job_filters_type:yes|job_filters_sector:yes|job_custom_fields_switch:no|job_deadline_switch:no|quick_apply_job:no|job_loc_listing:country,city\" class=\"jobsearch-rssfeed-btn\"><i\r\n                                        class=\"fa fa-feed\"><\/i> RSS Feed <\/a>\r\n                            <\/li>\r\n                                                <\/ul>\r\n                                    <\/div>\r\n                <!-- filter-moving -->\r\n                <\/div><\/div><input type=\"hidden\" class=\"adv_filter_toggle\" value=\"false\" \/><div class=\"jobsearch-job jobsearch-joblisting-classic\" id=\"jobsearch-job-2305\">\r\n\r\n\r\n    <ul class=\"jobsearch-row\">\r\n        <li class=\"jobsearch-column-12\">\r\n                    <div class=\"no-job-match-error\">\r\n                        <strong>No Record<\/strong>\r\n                        <span>Sorry!&nbsp; Does not match record with your keyword <\/span>\r\n                        <span>Change your filter keywords to re-submit<\/span>\r\n                        <em>OR<\/em>\r\n                        <a href=\"https:\/\/africandiasporajobs.com\/fr\/listing-w-o-f-style1\/\">Reset Filters<\/a>\r\n                    <\/div>\r\n                <\/li>    <\/ul>\r\n<\/div>\r\n                        <\/div>\r\n                        \r\n                                                                    <\/div>\r\n                <\/div>\r\n                <input type=\"hidden\" class=\"job-counter\" value=\"2305\" \/>\r\n            <input type=\"hidden\" name=\"trp-form-language\" value=\"fr\"\/><\/form>\r\n            <div class=\"jobs_query\" style=\"display:none;\">{\"posts_per_page\":\"12\",\"paged\":\"\",\"post_type\":\"job\",\"post_status\":\"publish\",\"order\":\"DESC\",\"orderby\":\"meta_value_num\",\"meta_key\":\"jobsearch_field_job_publish_date\",\"fields\":\"ids\",\"meta_query\":[[{\"relation\":\"OR\",\"0\":{\"key\":\"jobsearch_field_job_filled\",\"compare\":\"NOT EXISTS\"},\"1\":[{\"key\":\"jobsearch_field_job_filled\",\"value\":\"on\",\"compare\":\"!=\"}]},{\"key\":\"jobsearch_job_employer_status\",\"value\":\"approved\",\"compare\":\"=\"}]],\"post__in\":[0]}<\/div>                    <\/div>\r\n                <\/div>\r\n            <\/div>\r\n\r\n            <\/div><\/div><\/div><\/div>\n<\/div>","protected":false},"excerpt":{"rendered":"{\"job_short_counter\":3524,\"content\":\"\",\"job_map_counter\":63709787,\"page_id\":135,\"page_url\":\"https:\\\/\\\/africandiasporajobs.com\\\/fr\\\/listing-w-o-f-style1\\\/\",\"custom_fields\":[]} 0&nbsp;Emplois trouv\u00e9s Displayed Here: 0 Jobs Les plus r\u00e9cents Featured Ordre alphab\u00e9tique Le plus vus Enregistrements par page 10 Par page 20 Par page 30 Par page 50 Par page 70 Par page 100 Par page 200 Par page RSS Feed No Record Sorry!&nbsp; Does not match record with your keyword Change your filter...","protected":false},"author":1,"featured_media":0,"parent":0,"menu_order":0,"comment_status":"closed","ping_status":"closed","template":"","meta":{"footnotes":""},"class_list":["post-135","page","type-page","status-publish","hentry"],"_links":{"self":[{"href":"https:\/\/africandiasporajobs.com\/fr\/wp-json\/wp\/v2\/pages\/135","targetHints":{"allow":["GET"]}}],"collection":[{"href":"https:\/\/africandiasporajobs.com\/fr\/wp-json\/wp\/v2\/pages"}],"about":[{"href":"https:\/\/africandiasporajobs.com\/fr\/wp-json\/wp\/v2\/types\/page"}],"author":[{"embeddable":true,"href":"https:\/\/africandiasporajobs.com\/fr\/wp-json\/wp\/v2\/users\/1"}],"replies":[{"embeddable":true,"href":"https:\/\/africandiasporajobs.com\/fr\/wp-json\/wp\/v2\/comments?post=135"}],"version-history":[{"count":0,"href":"https:\/\/africandiasporajobs.com\/fr\/wp-json\/wp\/v2\/pages\/135\/revisions"}],"wp:attachment":[{"href":"https:\/\/africandiasporajobs.com\/fr\/wp-json\/wp\/v2\/media?parent=135"}],"curies":[{"name":"wp","href":"https:\/\/api.w.org\/{rel}","templated":true}]}}