{"id":151,"date":"2017-12-14T11:20:38","date_gmt":"2017-12-14T11:20:38","guid":{"rendered":"https:\/\/jobunt.com\/\/?page_id=545"},"modified":"2024-07-31T07:36:01","modified_gmt":"2024-07-31T07:36:01","slug":"pricing","status":"publish","type":"page","link":"https:\/\/africandiasporajobs.com\/fr\/pricing\/","title":{"rendered":"Les Prix"},"content":{"rendered":"<div class=\"wpb-content-wrapper\"><div class=\"vc_row wpb_row vc_row-fluid vc_custom_1513349138145 vc_row-has-fill\"><div class=\"wpb_column vc_column_container vc_col-sm-12\"><div class=\"vc_column-inner\"><div class=\"wpb_wrapper\">        <section class=\"careerfy-fancy-title\">\r\n                \r\n        <h2>Prix Affichage Emploi Unique<\/h2>\r\n                    <p>Notre solution pour afficher un seul emploi<\/p>\r\n                    <\/section>\r\n\r\n        <div class=\"careerfy-allpkg-comcon\">\r\n            <div class=\"row\">\r\n                                    <div class=\"col-md-3\">\r\n                        <div class=\"careerfy-packages-priceplane\">\r\n                            <h2>Emploi Unique Standard<\/h2>\r\n                            <div class=\"packages-priceplane-price\">\r\n                                <strong>&#036;150.00<\/strong>                                    <span>4 MONTHS 28 DAYS<\/span>\r\n                                                                <\/div>\r\n                                                            <ul>\r\n                                                                                <li class=\"active\"><i\r\n                                                        class=\"careerfy-icon careerfy-check-square\"><\/i> 1 Annonce d'emploi                                            <\/li>\r\n                                                                                        <li class=\"active\"><i\r\n                                                        class=\"careerfy-icon careerfy-check-square\"><\/i> Affichage pendant 150 jours au choix                                            <\/li>\r\n                                                                                        <li class=\"active\"><i\r\n                                                        class=\"careerfy-icon careerfy-check-square\"><\/i> Acc\u00e8s \u00e0 notre base de donn\u00e9es de CV pendant 150 jours                                            <\/li>\r\n                                                                                        <li class=\"active\"><i\r\n                                                        class=\"careerfy-icon careerfy-check-square\"><\/i> Publication automatique sur notre page Facebook et notre compte Twitter afin de maximiser la visibilit\u00e9.                                            <\/li>\r\n                                                                                        <li><i\r\n                                                        class=\"careerfy-icon careerfy-check-square\"><\/i> Pas de mise en vedette sur la page d'accueil                                            <\/li>\r\n                                                                            <\/ul>\r\n                                \r\n                                                            <a href=\"javascript:void(0);\"\r\n                                   class=\"careerfy-packages-priceplane-btn jobsearch-open-signin-tab jobsearch-wredirct-url jobsearch-pkg-bouybtn\"\r\n                                   data-wredircto=\"https:\/\/africandiasporajobs.com\/fr\/wp-json\/wp\/v2\/pages\/151\"\r\n                                   data-id=\"413\">Sign up<\/a>\r\n                                                    <\/div>\r\n                    <\/div>\r\n                                        <div class=\"col-md-3\">\r\n                        <div class=\"careerfy-packages-priceplane active\">\r\n                            <h2>Affichage Annonce en Vedette<\/h2>\r\n                            <div class=\"packages-priceplane-price\">\r\n                                <strong>&#036;250.00<\/strong>                                    <span>4 MONTHS 28 DAYS<\/span>\r\n                                                                <\/div>\r\n                                                            <ul>\r\n                                                                                <li class=\"active\"><i\r\n                                                        class=\"careerfy-icon careerfy-check-square\"><\/i> 1 Annonce d'emploi                                            <\/li>\r\n                                                                                        <li class=\"active\"><i\r\n                                                        class=\"careerfy-icon careerfy-check-square\"><\/i> Affichage pendant 150 jours au choix                                            <\/li>\r\n                                                                                        <li class=\"active\"><i\r\n                                                        class=\"careerfy-icon careerfy-check-square\"><\/i> Acc\u00e8s \u00e0 notre base de donn\u00e9es de CV pendant 150 jours                                            <\/li>\r\n                                                                                        <li class=\"active\"><i\r\n                                                        class=\"careerfy-icon careerfy-check-square\"><\/i> Publication automatique sur notre page Facebook et notre compte Twitter afin de maximiser la visibilit\u00e9.                                            <\/li>\r\n                                                                                        <li class=\"active\"><i\r\n                                                        class=\"careerfy-icon careerfy-check-square\"><\/i> Mise en Vedette                                            <\/li>\r\n                                                                            <\/ul>\r\n                                \r\n                                                            <a href=\"javascript:void(0);\"\r\n                                   class=\"careerfy-packages-priceplane-btn jobsearch-open-signin-tab jobsearch-wredirct-url jobsearch-pkg-bouybtn\"\r\n                                   data-wredircto=\"https:\/\/africandiasporajobs.com\/fr\/wp-json\/wp\/v2\/pages\/151\"\r\n                                   data-id=\"415\">Sign up<\/a>\r\n                                                    <\/div>\r\n                    <\/div>\r\n                    \r\n            <\/div>\r\n            <\/div>\n<\/div><\/div><\/div><\/div><div class=\"vc_row wpb_row vc_row-fluid vc_custom_1722411355828\"><div class=\"wpb_column vc_column_container vc_col-sm-12\"><div class=\"vc_column-inner\"><div class=\"wpb_wrapper\">        <section class=\"careerfy-fancy-title\">\r\n                \r\n        <h2>ABONNEMENT POUR L'AFFICHAGE DE PLUSIEURS OFFRES D'EMPLOI<\/h2>\r\n                    <p>Tarifs flexibles pour la publication de plusieurs annonces sur plusieurs mois. Abonnez-vous d\u00e8s maintenant !<\/p>\r\n                    <\/section>\r\n\r\n        <div class=\"careerfy-allpkg-comcon\">\r\n            <div class=\"row\">\r\n                                    <div class=\"col-md-3\">\r\n                        <div class=\"careerfy-packages-priceplane\">\r\n                            <h2>Affichages Multiples - Un mois<\/h2>\r\n                            <div class=\"packages-priceplane-price\">\r\n                                <strong>&#036;500.00<\/strong>                                    <span>1 Mois<\/span>\r\n                                                                <\/div>\r\n                                                            <ul>\r\n                                                                                <li class=\"active\"><i\r\n                                                        class=\"careerfy-icon careerfy-check-square\"><\/i> Publier jusqu'\u00e0 5 (cinq) offres d'emploi sur une p\u00e9riode d'un mois (30 jours)                                            <\/li>\r\n                                                                                        <li class=\"active\"><i\r\n                                                        class=\"careerfy-icon careerfy-check-square\"><\/i> 1 (un) emploi en vedette inclus                                            <\/li>\r\n                                                                                        <li class=\"active\"><i\r\n                                                        class=\"careerfy-icon careerfy-check-square\"><\/i> Affichage pendant 150 jours au choix                                            <\/li>\r\n                                                                                        <li class=\"active\"><i\r\n                                                        class=\"careerfy-icon careerfy-check-square\"><\/i> Acc\u00e8s \u00e0 notre base de donn\u00e9es de CV durant vos annonces                                            <\/li>\r\n                                                                                        <li class=\"active\"><i\r\n                                                        class=\"careerfy-icon careerfy-check-square\"><\/i> Publication automatique sur notre page Facebook et notre compte Twitter afin de maximiser la visibilit\u00e9.                                            <\/li>\r\n                                                                            <\/ul>\r\n                                \r\n                                                            <a href=\"javascript:void(0);\"\r\n                                   class=\"careerfy-packages-priceplane-btn jobsearch-open-signin-tab jobsearch-wredirct-url jobsearch-pkg-bouybtn\"\r\n                                   data-wredircto=\"https:\/\/africandiasporajobs.com\/fr\/wp-json\/wp\/v2\/pages\/151\"\r\n                                   data-id=\"417\">Sign up<\/a>\r\n                                                    <\/div>\r\n                    <\/div>\r\n                                        <div class=\"col-md-3\">\r\n                        <div class=\"careerfy-packages-priceplane\">\r\n                            <h2>Affichages Multiples -  3 Mois<\/h2>\r\n                            <div class=\"packages-priceplane-price\">\r\n                                <strong>&#036;700.00<\/strong>                                    <span>90 Jours (3 Mois)<\/span>\r\n                                                                <\/div>\r\n                                                            <ul>\r\n                                                                                <li class=\"active\"><i\r\n                                                        class=\"careerfy-icon careerfy-check-square\"><\/i> Publier jusqu'\u00e0 10 (10) offres d'emploi sur une p\u00e9riode de 3 mois (90 jours)                                            <\/li>\r\n                                                                                        <li class=\"active\"><i\r\n                                                        class=\"careerfy-icon careerfy-check-square\"><\/i> 2 (deux) annonces en vedette                                            <\/li>\r\n                                                                                        <li class=\"active\"><i\r\n                                                        class=\"careerfy-icon careerfy-check-square\"><\/i> Affichage pendant 150 jours au choix                                            <\/li>\r\n                                                                                        <li class=\"active\"><i\r\n                                                        class=\"careerfy-icon careerfy-check-square\"><\/i> Acc\u00e8s \u00e0 notre base de donn\u00e9es de CV durant vos annonces                                            <\/li>\r\n                                                                                        <li class=\"active\"><i\r\n                                                        class=\"careerfy-icon careerfy-check-square\"><\/i> Publication automatique sur notre page Facebook et notre compte Twitter afin de maximiser la visibilit\u00e9.                                            <\/li>\r\n                                                                            <\/ul>\r\n                                \r\n                                                            <a href=\"javascript:void(0);\"\r\n                                   class=\"careerfy-packages-priceplane-btn jobsearch-open-signin-tab jobsearch-wredirct-url jobsearch-pkg-bouybtn\"\r\n                                   data-wredircto=\"https:\/\/africandiasporajobs.com\/fr\/wp-json\/wp\/v2\/pages\/151\"\r\n                                   data-id=\"419\">Sign up<\/a>\r\n                                                    <\/div>\r\n                    <\/div>\r\n                                        <div class=\"col-md-3\">\r\n                        <div class=\"careerfy-packages-priceplane\">\r\n                            <h2>Affichages Multiples - Un An<\/h2>\r\n                            <div class=\"packages-priceplane-price\">\r\n                                <strong>&#036;1,500.00<\/strong>                                    <span>365 Jours<\/span>\r\n                                                                <\/div>\r\n                                                            <ul>\r\n                                                                                <li class=\"active\"><i\r\n                                                        class=\"careerfy-icon careerfy-check-square\"><\/i> Publier jusqu'\u00e0 30 (trente) offres d'emploi sur une p\u00e9riode de  1 an (365 jours)                                            <\/li>\r\n                                                                                        <li class=\"active\"><i\r\n                                                        class=\"careerfy-icon careerfy-check-square\"><\/i> 5 (cinq) annonces en vedette inclus                                            <\/li>\r\n                                                                                        <li class=\"active\"><i\r\n                                                        class=\"careerfy-icon careerfy-check-square\"><\/i> Affichage pendant 150 jours au choix                                            <\/li>\r\n                                                                                        <li class=\"active\"><i\r\n                                                        class=\"careerfy-icon careerfy-check-square\"><\/i> Acc\u00e8s \u00e0 notre base de donn\u00e9es de CV durant vos annonces                                            <\/li>\r\n                                                                                        <li class=\"active\"><i\r\n                                                        class=\"careerfy-icon careerfy-check-square\"><\/i> Publication automatique sur notre page Facebook et notre compte Twitter afin de maximiser la visibilit\u00e9.                                            <\/li>\r\n                                                                            <\/ul>\r\n                                \r\n                                                            <a href=\"javascript:void(0);\"\r\n                                   class=\"careerfy-packages-priceplane-btn jobsearch-open-signin-tab jobsearch-wredirct-url jobsearch-pkg-bouybtn\"\r\n                                   data-wredircto=\"https:\/\/africandiasporajobs.com\/fr\/wp-json\/wp\/v2\/pages\/151\"\r\n                                   data-id=\"422\">Sign up<\/a>\r\n                                                    <\/div>\r\n                    <\/div>\r\n                    \r\n            <\/div>\r\n            <\/div>\n<\/div><\/div><\/div><\/div>\n<\/div>","protected":false},"excerpt":{"rendered":"SINGLE JOB POSTING PRICING Solution for posting one job ad only Standard Single Job &#036;150.00 4 MONTHS 28 DAYS 1 job posting Max 150 days display period Access to all candidates resume for 150 Days Automatically posted on our Facebook and our Twitter account to maximize exposure. No Featured Job Sign up Featured Single Job...","protected":false},"author":1,"featured_media":0,"parent":0,"menu_order":0,"comment_status":"closed","ping_status":"closed","template":"","meta":{"footnotes":""},"class_list":["post-151","page","type-page","status-publish","hentry"],"_links":{"self":[{"href":"https:\/\/africandiasporajobs.com\/fr\/wp-json\/wp\/v2\/pages\/151","targetHints":{"allow":["GET"]}}],"collection":[{"href":"https:\/\/africandiasporajobs.com\/fr\/wp-json\/wp\/v2\/pages"}],"about":[{"href":"https:\/\/africandiasporajobs.com\/fr\/wp-json\/wp\/v2\/types\/page"}],"author":[{"embeddable":true,"href":"https:\/\/africandiasporajobs.com\/fr\/wp-json\/wp\/v2\/users\/1"}],"replies":[{"embeddable":true,"href":"https:\/\/africandiasporajobs.com\/fr\/wp-json\/wp\/v2\/comments?post=151"}],"version-history":[{"count":16,"href":"https:\/\/africandiasporajobs.com\/fr\/wp-json\/wp\/v2\/pages\/151\/revisions"}],"predecessor-version":[{"id":616,"href":"https:\/\/africandiasporajobs.com\/fr\/wp-json\/wp\/v2\/pages\/151\/revisions\/616"}],"wp:attachment":[{"href":"https:\/\/africandiasporajobs.com\/fr\/wp-json\/wp\/v2\/media?parent=151"}],"curies":[{"name":"wp","href":"https:\/\/api.w.org\/{rel}","templated":true}]}}