{"id":154,"date":"2017-12-12T10:30:57","date_gmt":"2017-12-12T10:30:57","guid":{"rendered":"https:\/\/jobunt.com\/\/?page_id=493"},"modified":"2024-08-09T12:10:49","modified_gmt":"2024-08-09T12:10:49","slug":"home","status":"publish","type":"page","link":"https:\/\/africandiasporajobs.com\/fr\/","title":{"rendered":"Accueil"},"content":{"rendered":"<div class=\"wpb-content-wrapper\"><div class=\"vc_row wpb_row vc_row-fluid banner-search-padding vc_custom_1552032416217 vc_row-has-fill\" style=\"position: relative; \"><span class=\"careerfy-light-transparent\" style=\"background-color:rgba(30,49,66,0.76);\"><\/span><div class=\"wpb_column vc_column_container vc_col-sm-12\"><div class=\"vc_column-inner\"><div class=\"wpb_wrapper\"><div class=\"vc_empty_space\"   style=\"height: 40px\"><span class=\"vc_empty_space_inner\"><\/span><\/div>            <div class=\"careerfy-typo-wrap\">\r\n                <div class=\"careerfy-banner-caption\">\r\n                                            <h1>Rencontrez Les Talents Africains de la Diaspora.<\/h1>\r\n                                                <p>D\u00e9couvrez des meilleures opportunit\u00e9s de carri\u00e8re<\/p>\r\n                                                <form autocomplete=\"off\" class=\"careerfy-banner-search\" method=\"get\"\r\n                              action=\"https:\/\/africandiasporajobs.com\/fr\/jobs-listing\/\" data-trp-original-action=\"https:\/\/africandiasporajobs.com\/fr\/jobs-listing\/\">\r\n                            <ul class=\"careerfy-jobs-srchul\">\r\n                                                                    <li>\r\n                                        <div class=\"\">\r\n                                            <input placeholder=\"Job Title, Keywords, or Phrase\"\r\n                                                   name=\"search_title\" data-type=\"job\" type=\"text\">\r\n                                            <span class=\"sugg-search-loader\"><\/span>\r\n                                        <\/div>\r\n                                    <\/li>\r\n                                                                        <li>\r\n                                        <div class=\"jobsearch_searchloc_div\">\r\n                                                                                            <input placeholder=\"City, State or ZIP\"\r\n                                                       class=\"\"\r\n                                                       name=\"location\" type=\"text\">\r\n                                                        <div class=\"careerfy-radius-tooltip\">\r\n            <label>Radius                ( km                )<\/label><input\r\n                    type=\"number\" name=\"loc_radius\"\r\n                    value=\"50\"\r\n                    max=\"500\"><\/div>\r\n                                                        <a href=\"javascript:void(0);\" class=\"geolction-btn\"><i\r\n                                                            class=\"careerfy-icon careerfy-location\"><\/i><\/a>\r\n                                                                                    <\/div>\r\n                                    <\/li>\r\n                                                                        <li>\r\n                                        <div class=\"careerfy-select-style\">\r\n                                            <select name=\"sector_cat\" class=\"selectize-select\">\r\n                                                <option value=\"\">Categories<\/option>\r\n                                                <option value=\"all\">All<\/option>\r\n                                                                                                    <option value=\"administration-office\">Administration<\/option>\r\n                                                                                                    <option value=\"agriculture-jobs\">Agriculture<\/option>\r\n                                                                                                    <option value=\"business-marketing\">Business\/Marketing<\/option>\r\n                                                                                                    <option value=\"construction-jobs\">Construction<\/option>\r\n                                                                                                    <option value=\"education\">Education<\/option>\r\n                                                                                                    <option value=\"general-other-job-category\">General\/Other<\/option>\r\n                                                                                                    <option value=\"health-care\">Sante<\/option>\r\n                                                                                                    <option value=\"media-communication\">Media &amp; Communication<\/option>\r\n                                                                                                    <option value=\"production-manufacturing-jobs\">Production\/Manufacture<\/option>\r\n                                                                                                    <option value=\"technology-jobs\">Technologie<\/option>\r\n                                                                                            <\/select>\r\n                                        <\/div>\r\n                                    <\/li>\r\n                                                                    <li class=\"careerfy-banner-submit\">\r\n                                    <div class=\"careerfy-banner-submit-btn\">\r\n                                        <input type=\"submit\" value=\"\">\r\n                                        <i class=\"careerfy-icon careerfy-search-o\"><\/i>\r\n                                    <\/div>\r\n                                <\/li>\r\n                            <\/ul>\r\n                        <input type=\"hidden\" name=\"trp-form-language\" value=\"fr\"\/><\/form>\r\n                                        <div class=\"clearfix\"><\/div>\r\n                    <div class=\"careerfy-banner-btn\">\r\n                                                    <a href=\"\/fr\/signin-signup\/\"\r\n                               class=\"careerfy-bgcolorhover\"><i class=\"careerfy-icon careerfy-arrow-up-circular\"><\/i>T\u00e9l\u00e9chargez votre CV<\/a>\r\n                                                        <a href=\"\/fr\/post-new-job\/\"\r\n                               class=\"careerfy-bgcolorhover\"><i class=\"careerfy-icon careerfy-briefcase\"><\/i>Affichez Votre Emploi<\/a>\r\n                                                <\/div>\r\n                <\/div>\r\n            <\/div>\r\n\r\n            <\/div><\/div><\/div><\/div><div class=\"vc_row wpb_row vc_row-fluid vc_custom_1513594586255\"><div class=\"wpb_column vc_column_container vc_col-sm-12\"><div class=\"vc_column-inner\"><div class=\"wpb_wrapper\">        <section class=\"careerfy-fancy-title\">\r\n                \r\n        <h2>Cat\u00e9gories Populaires d\u2019Emplois<\/h2>\r\n                <\/section>\r\n\r\n                <div id=\"jobsearch-findby-sectors\" class=\"categories-list\" data-view=\"\">\r\n            \r\n                                                <ul class=\"jobsearch-sects-allcon row\">\r\n                                                    <li class=\"col-md-3\">\r\n                    <a href=\"https:\/\/africandiasporajobs.com\/fr\/construction-jobs-jobs\/\">\r\n                                                        <i class=\"careerfy-icon careerfy-building-office\"><\/i>\r\n\r\n                                                                            <span class=\"jobcat-title\">Construction<\/span>\r\n                                                        <span id=\"jobsearchh-sect-cat-item-41\"\r\n                                      class=\"jobsearchh-sect-childcount\"\r\n                                      data-id=\"41\">0<\/span>\r\n\r\n                                                <\/a>\r\n                                    <\/li>\r\n                                <li class=\"col-md-3\">\r\n                    <a href=\"https:\/\/africandiasporajobs.com\/fr\/technology-jobs-jobs\/\">\r\n                                                        <i class=\"careerfy-icon careerfy-rockit-fill\"><\/i>\r\n\r\n                                                                            <span class=\"jobcat-title\">Technologie<\/span>\r\n                                                        <span id=\"jobsearchh-sect-cat-item-32\"\r\n                                      class=\"jobsearchh-sect-childcount\"\r\n                                      data-id=\"32\">0<\/span>\r\n\r\n                                                <\/a>\r\n                                    <\/li>\r\n                                <li class=\"col-md-3\">\r\n                    <a href=\"https:\/\/africandiasporajobs.com\/fr\/administration-office-jobs\/\">\r\n                                                        <i class=\"careerfy-icon careerfy-office\"><\/i>\r\n\r\n                                                                            <span class=\"jobcat-title\">Administration<\/span>\r\n                                                        <span id=\"jobsearchh-sect-cat-item-39\"\r\n                                      class=\"jobsearchh-sect-childcount\"\r\n                                      data-id=\"39\">0<\/span>\r\n\r\n                                                <\/a>\r\n                                    <\/li>\r\n                                <li class=\"col-md-3\">\r\n                    <a href=\"https:\/\/africandiasporajobs.com\/fr\/business-marketing-jobs\/\">\r\n                                                        <i class=\"careerfy-icon careerfy-accounting\"><\/i>\r\n\r\n                                                                            <span class=\"jobcat-title\">Business\/Marketing<\/span>\r\n                                                        <span id=\"jobsearchh-sect-cat-item-34\"\r\n                                      class=\"jobsearchh-sect-childcount\"\r\n                                      data-id=\"34\">0<\/span>\r\n\r\n                                                <\/a>\r\n                                    <\/li>\r\n                                <li class=\"col-md-3\">\r\n                    <a href=\"https:\/\/africandiasporajobs.com\/fr\/agriculture-jobs-jobs\/\">\r\n                                                        <i class=\"careerfy-icon careerfy-fast-food\"><\/i>\r\n\r\n                                                                            <span class=\"jobcat-title\">Agriculture<\/span>\r\n                                                        <span id=\"jobsearchh-sect-cat-item-35\"\r\n                                      class=\"jobsearchh-sect-childcount\"\r\n                                      data-id=\"35\">0<\/span>\r\n\r\n                                                <\/a>\r\n                                    <\/li>\r\n                                <li class=\"col-md-3\">\r\n                    <a href=\"https:\/\/africandiasporajobs.com\/fr\/education-jobs\/\">\r\n                                                        <i class=\"careerfy-icon careerfy-degree-cap\"><\/i>\r\n\r\n                                                                            <span class=\"jobcat-title\">Education<\/span>\r\n                                                        <span id=\"jobsearchh-sect-cat-item-37\"\r\n                                      class=\"jobsearchh-sect-childcount\"\r\n                                      data-id=\"37\">0<\/span>\r\n\r\n                                                <\/a>\r\n                                    <\/li>\r\n                                <li class=\"col-md-3\">\r\n                    <a href=\"https:\/\/africandiasporajobs.com\/fr\/production-manufacturing-jobs-jobs\/\">\r\n                                                        <i class=\"careerfy-icon careerfy-fast-food\"><\/i>\r\n\r\n                                                                            <span class=\"jobcat-title\">Production\/Manufacture<\/span>\r\n                                                        <span id=\"jobsearchh-sect-cat-item-38\"\r\n                                      class=\"jobsearchh-sect-childcount\"\r\n                                      data-id=\"38\">0<\/span>\r\n\r\n                                                <\/a>\r\n                                    <\/li>\r\n                                <li class=\"col-md-3\">\r\n                    <a href=\"https:\/\/africandiasporajobs.com\/fr\/health-care-jobs\/\">\r\n                                                        <i class=\"careerfy-icon careerfy-hospital\"><\/i>\r\n\r\n                                                                            <span class=\"jobcat-title\">Sante<\/span>\r\n                                                        <span id=\"jobsearchh-sect-cat-item-42\"\r\n                                      class=\"jobsearchh-sect-childcount\"\r\n                                      data-id=\"42\">0<\/span>\r\n\r\n                                                <\/a>\r\n                                    <\/li>\r\n                                                <\/ul>\r\n                                    <\/div>\r\n                    <div class=\"careerfy-plain-btn\"><a\r\n                        href=\"https:\/\/africandiasporajobs.com\/fr\/jobs-listing\/\">Browse All Sectors<\/a>\r\n            <\/div>\r\n            <\/div><\/div><\/div><\/div><div class=\"vc_row wpb_row vc_row-fluid vc_custom_1513594435426\"><div class=\"wpb_column vc_column_container vc_col-sm-12\"><div class=\"vc_column-inner\"><div class=\"wpb_wrapper\">        <section class=\"careerfy-fancy-title\">\r\n                \r\n        <h2>Liste des Emplois en Vedette<\/h2>\r\n                <\/section>\r\n\r\n                    <div class=\"wp-dp-job-content\" id=\"wp-dp-job-content-1185\">\r\n                <div class=\"dev-map-class-changer\">\r\n                    <div id=\"Job-content-1185\">\r\n                                    <form autocomplete=\"off\" id=\"jobsearch_job_frm_1185\" action=\"\">\r\n                                <div style=\"display:none\" id=\"job_arg1185\">\r\n                    <script type=\"text\/javascript\">\r\n                                                document.getElementById(\"job_arg1185\").innerHTML = '{\"job_short_counter\":1185,\"atts\":{\"job_view\":\"view-medium\",\"job_alerts\":\"no\",\"job_filters\":\"no\",\"job_top_search\":\"no\",\"job_sort_by\":\"no\",\"job_pagination\":\"no\",\"job_per_page\":\"8\",\"job_cat\":\"\",\"job_skills\":\"\",\"job_location\":\"\",\"featured_only\":\"\",\"job_title_len\":\"0\",\"job_excerpt\":\"20\",\"job_order\":\"DESC\",\"job_orderby\":\"date\",\"job_type\":\"\",\"job_filters_loc\":\"yes\",\"job_filters_date\":\"yes\",\"job_filters_type\":\"yes\",\"job_filters_sector\":\"yes\",\"job_custom_fields_switch\":\"no\",\"job_elem_custom_fields\":\"\",\"job_deadline_switch\":\"no\",\"quick_apply_job\":\"no\",\"job_loc_listing\":\"country,city\"},\"content\":\"\",\"job_map_counter\":44898630,\"page_id\":154,\"page_url\":\"https:\\\/\\\/africandiasporajobs.com\\\/fr\\\/\",\"custom_fields\":[]}';\r\n                    <\/script>\r\n                <\/div>\r\n                <div style=\"display:none\" id=\"job_small_arg1185\">\r\n                    {\"job_short_counter\":1185,\"content\":\"\",\"job_map_counter\":44898630,\"page_id\":154,\"page_url\":\"https:\\\/\\\/africandiasporajobs.com\\\/fr\\\/\",\"custom_fields\":[]}                <\/div>\r\n                                <div class=\"jobsearch-row\">\r\n                                        <div class=\"jobsearch-column-12 jobsearch-typo-wrap\">\r\n                                                <div class=\"wp-jobsearch-job-content jobsearch-listing-maincon wp-jobsearch-dev-job-content\"\r\n                             id=\"jobsearch-data-job-content-1185\"\r\n                             data-id=\"1185\">\r\n                            <div id=\"jobsearch-loader-1185\"><\/div>\r\n                            <div class=\"careerfy-job-listing careerfy-featured-listing\"\r\n     id=\"jobsearch-job-1185\">\r\n\r\n    <ul class=\"row\">\r\n        \r\n                <li class=\"col-md-6\">\r\n                    <div class=\"no-candidate-match-error\">\r\n                        <strong>No Record<\/strong>\r\n                        <span>Sorry!&nbsp; Does not match record with your keyword <\/span>\r\n                        <span>Change your filter keywords to re-submit<\/span>\r\n                        <em>OR<\/em>\r\n                        <a href=\"https:\/\/africandiasporajobs.com\/fr\/\">Reset Filters<\/a>\r\n                    <\/div>\r\n                <\/li>    <\/ul>\r\n<\/div>                        <\/div>\r\n                        \r\n                                                                    <\/div>\r\n                <\/div>\r\n                <input type=\"hidden\" class=\"job-counter\" value=\"1185\" \/>\r\n            <input type=\"hidden\" name=\"trp-form-language\" value=\"fr\"\/><\/form>\r\n            <div class=\"jobs_query\" style=\"display:none;\">{\"posts_per_page\":\"8\",\"paged\":\"\",\"post_type\":\"job\",\"post_status\":\"publish\",\"order\":\"DESC\",\"orderby\":\"meta_value_num\",\"meta_key\":\"jobsearch_field_job_publish_date\",\"fields\":\"ids\",\"meta_query\":[[{\"relation\":\"OR\",\"0\":{\"key\":\"jobsearch_field_job_filled\",\"compare\":\"NOT EXISTS\"},\"1\":[{\"key\":\"jobsearch_field_job_filled\",\"value\":\"on\",\"compare\":\"!=\"}]},{\"key\":\"jobsearch_job_employer_status\",\"value\":\"approved\",\"compare\":\"=\"}]],\"post__in\":[0]}<\/div>                    <\/div>\r\n                <\/div>\r\n            <\/div>\r\n\r\n            <\/div><\/div><\/div><\/div><div class=\"vc_row wpb_row vc_row-fluid\"><div class=\"wpb_column vc_column_container vc_col-sm-12\"><div class=\"vc_column-inner\"><div class=\"wpb_wrapper\">\r\n        <div class=\"careerfy-testimonial-section\">\r\n            <div class=\"row\">\r\n                <aside class=\"col-md-5\" style=\"background:url(https:\/\/africandiasporajobs.com\/wp-content\/uploads\/2017\/12\/testimonial-thumb-1.jpg); background-repeat: no-repeat; background-size:cover; background-position: center;\"><\/aside>\r\n                <aside class=\"col-md-7\">\r\n                    <div class=\"careerfy-testimonial-slider\">\r\n                        \r\n        <div class=\"careerfy-testimonial-slide-layer\">\r\n            <div class=\"careerfy-testimonial-wrap\">\r\n                <p>I just got a job that I applied for via careerfy! I used the site all the time during my job hunt.<\/p>\r\n                <div class=\"careerfy-testimonial-text\">\r\n                    <h2>Richard Anderson<\/h2>\r\n                    <span>Nevada, USA<\/span>\r\n                <\/div>\r\n            <\/div>\r\n        <\/div>\r\n        <div class=\"careerfy-testimonial-slide-layer\">\r\n            <div class=\"careerfy-testimonial-wrap\">\r\n                <p>I just got a job that I applied for via careerfy! I used the site all the time during my job hunt.<\/p>\r\n                <div class=\"careerfy-testimonial-text\">\r\n                    <h2>Richard Anderson<\/h2>\r\n                    <span>Nevada, USA<\/span>\r\n                <\/div>\r\n            <\/div>\r\n        <\/div>\r\n                    <\/div>\r\n                <\/aside>\r\n            <\/div>\r\n        <\/div>\n<\/div><\/div><\/div><\/div><div class=\"vc_row wpb_row vc_row-fluid vc_custom_1513594504679\"><div class=\"wpb_column vc_column_container vc_col-sm-12\"><div class=\"vc_column-inner\"><div class=\"wpb_wrapper\">        <section class=\"careerfy-fancy-title\">\r\n                \r\n        <h2>Nos Blogs<\/h2>\r\n                    <p>D\u00e9couvrez des meilleures opportunit\u00e9s de carri\u00e8re<\/p>\r\n                    <\/section>\r\n\r\n        <div class=\"careerfy-blog careerfy-blog-grid\"><ul class=\"row\">\r\n        <li class=\"col-md-4\">\r\n            <figure>\r\n                                    <a href=\"https:\/\/africandiasporajobs.com\/fr\/one-morning-when-gregor-samsa-woke-from-troubled-dreams\/\"><img decoding=\"async\"\r\n                                src=\"https:\/\/africandiasporajobs.com\/wp-content\/uploads\/2017\/12\/blogs-jobsearch-10--300x169.jpg\" alt=\"\"><\/a>\r\n                                <\/figure>\r\n            <div class=\"careerfy-blog-grid-text\">\r\n                <div class=\"careerfy-blog-tag\"> <a href=\"https:\/\/africandiasporajobs.com\/fr\/category\/blogs\/\"> Blogs<\/a> <\/div>                <h2>\r\n                    <a href=\"https:\/\/africandiasporajobs.com\/fr\/one-morning-when-gregor-samsa-woke-from-troubled-dreams\/\">One morning, when Gregor Samsa woke from troubled ...<\/a>\r\n                <\/h2>\r\n                <ul class=\"careerfy-blog-grid-option\">\r\n                    <li>BY <a\r\n                                href=\"https:\/\/africandiasporajobs.com\/fr\/author\/admin_j5gtiufp\/\"\r\n                                class=\"careerfy-color\">admin_j5gtiufp<\/a><\/li>\r\n                    <li>\r\n                        <time datetime=\"1970-01-01 12:00 am\">d\u00e9cembre 18, 2017<\/time>\r\n                    <\/li>\r\n                <\/ul>\r\n                                    <p><p>His room, a proper human room although a little too small, lay peacefully between its four familiar walls. One morning,&#8230;<\/p>\n<\/p>\r\n                                    <a href=\"https:\/\/africandiasporajobs.com\/fr\/one-morning-when-gregor-samsa-woke-from-troubled-dreams\/\"\r\n                   class=\"careerfy-read-more careerfy-bgcolor\">Read Articles<\/a>\r\n            <\/div>\r\n        <\/li>\r\n        \r\n        <li class=\"col-md-4\">\r\n            <figure>\r\n                                    <a href=\"https:\/\/africandiasporajobs.com\/fr\/see-his-brown-belly-slightly-domed-and-divided\/\"><img decoding=\"async\"\r\n                                src=\"https:\/\/africandiasporajobs.com\/wp-content\/uploads\/2017\/12\/blogs-jobsearch-11--300x169.jpg\" alt=\"\"><\/a>\r\n                                <\/figure>\r\n            <div class=\"careerfy-blog-grid-text\">\r\n                <div class=\"careerfy-blog-tag\"> <a href=\"https:\/\/africandiasporajobs.com\/fr\/category\/blogs\/\"> Blogs<\/a> <\/div>                <h2>\r\n                    <a href=\"https:\/\/africandiasporajobs.com\/fr\/see-his-brown-belly-slightly-domed-and-divided\/\">See his brown belly, slightly domed and divided<\/a>\r\n                <\/h2>\r\n                <ul class=\"careerfy-blog-grid-option\">\r\n                    <li>BY <a\r\n                                href=\"https:\/\/africandiasporajobs.com\/fr\/author\/admin_j5gtiufp\/\"\r\n                                class=\"careerfy-color\">admin_j5gtiufp<\/a><\/li>\r\n                    <li>\r\n                        <time datetime=\"1970-01-01 12:00 am\">d\u00e9cembre 18, 2017<\/time>\r\n                    <\/li>\r\n                <\/ul>\r\n                                    <p><p>His room, a proper human room although a little too small, lay peacefully between its four familiar walls. One morning,&#8230;<\/p>\n<\/p>\r\n                                    <a href=\"https:\/\/africandiasporajobs.com\/fr\/see-his-brown-belly-slightly-domed-and-divided\/\"\r\n                   class=\"careerfy-read-more careerfy-bgcolor\">Read Articles<\/a>\r\n            <\/div>\r\n        <\/li>\r\n        \r\n        <li class=\"col-md-4\">\r\n            <figure>\r\n                                    <a href=\"https:\/\/africandiasporajobs.com\/fr\/hhimself-transformed-in-his-bed-into-a-horrible-vermin\/\"><img decoding=\"async\"\r\n                                src=\"https:\/\/africandiasporajobs.com\/wp-content\/uploads\/2017\/12\/blogs-jobsearch-09--300x169.jpg\" alt=\"\"><\/a>\r\n                                <\/figure>\r\n            <div class=\"careerfy-blog-grid-text\">\r\n                <div class=\"careerfy-blog-tag\"> <a href=\"https:\/\/africandiasporajobs.com\/fr\/category\/blogs\/\"> Blogs<\/a> <\/div>                <h2>\r\n                    <a href=\"https:\/\/africandiasporajobs.com\/fr\/hhimself-transformed-in-his-bed-into-a-horrible-vermin\/\">Hhimself transformed in his bed into a horrible ve...<\/a>\r\n                <\/h2>\r\n                <ul class=\"careerfy-blog-grid-option\">\r\n                    <li>BY <a\r\n                                href=\"https:\/\/africandiasporajobs.com\/fr\/author\/admin_j5gtiufp\/\"\r\n                                class=\"careerfy-color\">admin_j5gtiufp<\/a><\/li>\r\n                    <li>\r\n                        <time datetime=\"1970-01-01 12:00 am\">d\u00e9cembre 18, 2017<\/time>\r\n                    <\/li>\r\n                <\/ul>\r\n                                    <p><p>His room, a proper human room although a little too small, lay peacefully between its four familiar walls. One morning,&#8230;<\/p>\n<\/p>\r\n                                    <a href=\"https:\/\/africandiasporajobs.com\/fr\/hhimself-transformed-in-his-bed-into-a-horrible-vermin\/\"\r\n                   class=\"careerfy-read-more careerfy-bgcolor\">Read Articles<\/a>\r\n            <\/div>\r\n        <\/li>\r\n        <\/ul><\/div><\/div><\/div><\/div><\/div>\n<\/div>","protected":false},"excerpt":{"rendered":"His room, a proper human room although a little too small, lay peacefully between its four familiar walls. One morning, when Gregor Samsa woke from troubled dreams, he found himself transformed in his bed into a horrible vermin. He lay on his armour-like back, and if he lifted his head a little he could see...","protected":false},"author":1,"featured_media":0,"parent":0,"menu_order":0,"comment_status":"closed","ping_status":"closed","template":"","meta":{"footnotes":""},"class_list":["post-154","page","type-page","status-publish","hentry"],"_links":{"self":[{"href":"https:\/\/africandiasporajobs.com\/fr\/wp-json\/wp\/v2\/pages\/154","targetHints":{"allow":["GET"]}}],"collection":[{"href":"https:\/\/africandiasporajobs.com\/fr\/wp-json\/wp\/v2\/pages"}],"about":[{"href":"https:\/\/africandiasporajobs.com\/fr\/wp-json\/wp\/v2\/types\/page"}],"author":[{"embeddable":true,"href":"https:\/\/africandiasporajobs.com\/fr\/wp-json\/wp\/v2\/users\/1"}],"replies":[{"embeddable":true,"href":"https:\/\/africandiasporajobs.com\/fr\/wp-json\/wp\/v2\/comments?post=154"}],"version-history":[{"count":35,"href":"https:\/\/africandiasporajobs.com\/fr\/wp-json\/wp\/v2\/pages\/154\/revisions"}],"predecessor-version":[{"id":553,"href":"https:\/\/africandiasporajobs.com\/fr\/wp-json\/wp\/v2\/pages\/154\/revisions\/553"}],"wp:attachment":[{"href":"https:\/\/africandiasporajobs.com\/fr\/wp-json\/wp\/v2\/media?parent=154"}],"curies":[{"name":"wp","href":"https:\/\/api.w.org\/{rel}","templated":true}]}}